{"id":184,"date":"2022-08-04T13:53:03","date_gmt":"2022-08-04T11:53:03","guid":{"rendered":"http:\/\/test.alpenverein-austria.pl\/data-privacy\/"},"modified":"2023-03-01T10:23:07","modified_gmt":"2023-03-01T09:23:07","slug":"data-privacy","status":"publish","type":"page","link":"https:\/\/mw.alpenverein-austria.com\/en\/data-privacy\/","title":{"rendered":"Data privacy"},"content":{"rendered":"<div id=\"anchor_befd8c92_Datenschutzmitteilung\" class=\"elementHeadline\">\n<div id=\"anchor_3f283de1_Datenschutzmitteilung\" class=\"elementStandard elementHeadline elementHeadline_var0\">\n<h1>Datenschutzmitteilung<\/h1>\n<\/div>\n<div class=\"elementStandard elementText\">\n<p>Diese Webseite wird vom \u00d6sterreichischen Alpenverein &#8211; Alpenverein Austria in (\u201ewir\u201c bzw. \u201euns\u201c), Rotenturmstra\u00dfe 14, A-1010 Wien, betrieben.<\/p>\n<p>Der Schutz Ihrer personenbezogenen Daten ist uns ein besonderes Anliegen. Wir verarbeiten Ihre Daten daher ausschlie\u00dflich auf Grundlage der gesetzlichen Bestimmungen (DSGVO, DSG, TKG 2003).<\/p>\n<p>In dieser Datenschutzmitteilung informieren wir Sie \u00fcber die wichtigsten Aspekte der Datenverarbeitung im Rahmen unserer Website.<\/p>\n<p><strong>Welche Daten wir \u00fcber Sie verarbeiten<\/strong><\/p>\n<p>Im Zuge Ihres Besuches dieser Website erheben wir einige Informationen, die in den folgenden Abschnitten genau dargelegt werden. Weiters verarbeiten wir auch jene Informationen, die Sie selbst durch Ausf\u00fcllen des Kontaktformulars oder bei der Registrierung auf unserer Website zur Verf\u00fcgung stellen. Es besteht keine Verpflichtung, jene Daten, um deren Angabe wir Sie auf unserer Website bitten, tats\u00e4chlich anzugeben. Wenn Sie dies jedoch nicht tun, wird es Ihnen nicht m\u00f6glich sein, alle Funktionen der Website zu nutzen.<\/p>\n<p><strong>Zwecke der Datenverarbeitung<\/strong><\/p>\n<p>Wir verarbeiten Ihre Daten auf Grundlage unseres \u00fcberwiegenden berechtigten Interesses (Art 6 Abs 1 lit f DSGVO),<\/p>\n<p>\u2022 um Ihnen diese Webseite inklusive unserer Services zur Verf\u00fcgung zu stellen<\/p>\n<p>\u2022 um Nutzungsstatistiken erstellen zu k\u00f6nnen<\/p>\n<p>\u2022 um unser Angebot und unseren Webauftritt zu verbessern<\/p>\n<p>\u2022 um Angriffe auf unsere Webseite erkennen, verhindern und untersuchen zu k\u00f6nnen<\/p>\n<p>\u2022 um auf Ihre Fragen zu antworten<\/p>\n<p><strong>\u00dcbermittlung Ihrer personenbezogenen Daten<\/strong><\/p>\n<p>Zu den oben genannten Zwecken werden wir Ihre personenbezogenen Daten an folgende Empf\u00e4nger, die ihre Daten ausschlie\u00dflich in der EU verarbeiten, \u00fcbermitteln<\/p>\n<p>\u2022 von uns eingesetzte IT-Dienstleister<\/p>\n<p>\u2022 im Anlassfall an Strafverfolgungsbeh\u00f6rden<\/p>\n<p>Zu Daten\u00fcbermittlung ans EU-Ausland siehe Abschnitt \u201eGoogle Analytics\u201c.<\/p>\n<p><strong>Serverlogs<\/strong><\/p>\n<p>Wir verarbeiten die IP-Adresse des anfragenden Computers, gemeinsam mit dem Datum, der Uhrzeit, der Anfrage, welche Datei angefragt wird (Name und URL), welche Datenmenge an Sie \u00fcbertragen wird, eine Meldung, ob die Anfrage erfolgreich war, Erkennungsdaten des verwendeten Browsers und des verwendeten Betriebssystems, sowie die Website, von der der Zugriff erfolgte (sollte der Zugriff \u00fcber einen Link erfolgen). Die Serverlogs werden gespeichert um die Systemsicherheit pr\u00fcfen zu k\u00f6nnen, sowie Angriffe erkennen, verhindern und untersuchen zu k\u00f6nnen, die Websites technisch zu administrieren, sowie das Angebot optimieren zu k\u00f6nnen. Diese Daten werden \u2013 sollte es einen Hackangriff gegeben haben \u2013 an die Strafverfolgungsbeh\u00f6rden weitergeben. Eine dar\u00fcberhinausgehende Weitergabe an Dritte erfolgt nicht.<\/p>\n<p>&nbsp;<\/p>\n<p><strong>Cookies<\/strong><\/p>\n<p>Unsere Website verwendet so genannte Cookies. Dabei handelt es sich um kleine Textdateien, die mit Hilfe des Browsers auf Ihrem Endger\u00e4t abgelegt werden. Wir nutzen Cookies dazu, unser Angebot nutzerfreundlich zu gestalten. Einige Cookies bleiben auf Ihrem Endger\u00e4t gespeichert, bis Sie diese l\u00f6schen. Sie erm\u00f6glichen es uns, Ihren Browser beim n\u00e4chsten Besuch wiederzuerkennen. Wenn Sie dies nicht w\u00fcnschen, so k\u00f6nnen Sie Ihren Browser so einrichten, dass er Sie \u00fcber das Setzen von Cookies informiert und Sie dies nur im Einzelfall erlauben. Wenn Sie mehr dar\u00fcber wissen m\u00f6chten ben\u00fctzen Sie bitte die \u201eHilfe\u201c-Funktion in Ihrem Browser. Bei der Deaktivierung von Cookies kann die Funktionalit\u00e4t unserer Website eingeschr\u00e4nkt sein und Sie in manchen F\u00e4llen daran hindern, diese Website vollst\u00e4ndig zu nutzen.<\/p>\n<p><strong>Google Analytics<\/strong><\/p>\n<p>Diese Website benutzt Google Analytics, einen Webanalysedienst der Google Inc. (\u201eGoogle\u201c). Google Analytics verwendet sog. \u201eCookies\u201c, Textdateien, die auf Ihrem Computer gespeichert werden und die eine Analyse der Benutzung der Website durch Sie erm\u00f6glichen. Die durch das Cookie erzeugten Informationen \u00fcber Ihre Benutzung dieser Website werden in der Regel an einen Server von Google in den USA \u00fcbertragen und dort gespeichert. Im Falle der Aktivierung der IP-Anonymisierung auf dieser Website, wird Ihre IP-Adresse von Google jedoch innerhalb von Mitgliedstaaten der Europ\u00e4ischen Union oder in anderen Vertragsstaaten des Abkommens \u00fcber den Europ\u00e4ischen Wirtschaftsraum zuvor gek\u00fcrzt. Nur in Ausnahmef\u00e4llen wird die volle IP-Adresse an einen Server von Google in den USA \u00fcbertragen und dort gek\u00fcrzt. Im Auftrag des Betreibers dieser Website wird Google diese Informationen benutzen, um Ihre Nutzung der Website auszuwerten, um Reports \u00fcber die Websiteaktivit\u00e4ten zusammenzustellen und um weitere mit der Websitenutzung und der Internetnutzung verbundene Dienstleistungen gegen\u00fcber dem Websitebetreiber zu erbringen. Die im Rahmen von Google Analytics von Ihrem Browser \u00fcbermittelte IP-Adresse wird nicht mit anderen Daten von Google zusammengef\u00fchrt. Sie k\u00f6nnen die Speicherung der Cookies durch eine entsprechende Einstellung Ihrer Browser-Software verhindern; wir weisen Sie jedoch darauf hin, dass Sie in diesem Fall gegebenenfalls nicht s\u00e4mtliche Funktionen dieser Website vollumf\u00e4nglich werden nutzen k\u00f6nnen. Sie k\u00f6nnen dar\u00fcber hinaus die Erfassung der durch das Cookie erzeugten und auf Ihre Nutzung der Website bezogenen Daten (inkl. Ihrer IP-Adresse) an Google sowie die Verarbeitung dieser Daten durch Google verhindern, indem Sie das unter dem folgenden Link (<a class=\"extern\" title=\"Browser-Plugin zum Google Analytics OptOut\" href=\"https:\/\/tools.google.com\/dlpage\/gaoptout?hl=de\" target=\"_blank\" rel=\"noopener\">http:\/\/tools.google.com\/dlpage\/gaoptout?hl=de<\/a>) verf\u00fcgbare Browser-Plugin herunterladen und installieren.<\/p>\n<p>Sie k\u00f6nnen die Erfassung durch Google Analytics verhindern, indem Sie auf folgenden Link klicken. Es wird ein Opt-Out-Cookie gesetzt, das die zuk\u00fcnftige Erfassung Ihrer Daten beim Besuch dieser Website verhindert:\u00a0<a title=\"per Java-Script Google Analytics OptOut\">Google Analytics deaktivieren<\/a>.<\/p>\n<p>N\u00e4here Informationen zu Nutzungsbedingungen und Datenschutz finden Sie unter\u00a0<a class=\"extern\" title=\"Google Analytics Terms\" href=\"https:\/\/www.google.com\/analytics\/terms\/de.html\" target=\"_blank\" rel=\"noopener\">http:\/\/www.google.com\/analytics\/terms\/de.html<\/a>\u00a0bzw. unter\u00a0<a class=\"extern\" title=\"Google-Analytics Policies\" href=\"https:\/\/www.google.de\/intl\/de\/policies\/\" target=\"_blank\" rel=\"noopener\">https:\/\/www.google.de\/intl\/de\/policies<\/a>.<\/p>\n<p>Wir weisen Sie darauf hin, dass auf dieser Website Google Analytics um den Code \u201eanonymizeIp\u201c erweitert wurde, um eine anonymisierte Erfassung von IP-Adressen (sog. IP-Masking) zu gew\u00e4hrleisten.<\/p>\n<p><strong>Speicherdauer<\/strong><\/p>\n<p>Wir werden Ihre Daten maximal f\u00fcr eine Dauer von sechs Monaten speichern. Eine l\u00e4ngere Speicherung erfolgt nur, soweit dies erforderlich ist, um festgestellte Angriffe auf unsere Website zu untersuchen. Wenn Sie sich auf unserer Website registrieren, werden wir Ihre Daten jedenfalls so lange speichern, so lange Ihr Account besteht und danach f\u00fcr nur so lange, wie rechtliche Verpflichtungen dies vorsehen.<\/p>\n<p><strong>Ihre Rechte<\/strong><\/p>\n<p>Ihnen stehen grunds\u00e4tzlich die Rechte auf Auskunft, Berichtigung, L\u00f6schung, Einschr\u00e4nkung, Daten\u00fcbertragbarkeit, Widerruf und Widerspruch zu. Wenn Sie glauben, dass die Verarbeitung Ihrer Daten gegen das Datenschutzrecht verst\u00f6\u00dft oder Ihre datenschutzrechtlichen Anspr\u00fcche sonst in einer Weise verletzt worden sind, k\u00f6nnen Sie sich bei der Aufsichtsbeh\u00f6rde beschweren. In \u00d6sterreich ist dies die Datenschutzbeh\u00f6rde.<\/p>\n<p><strong>Unsere Kontaktdaten<\/strong><\/p>\n<p>Sollten Sie zu der Verarbeitung Ihrer personenbezogenen Daten Fragen oder Anliegen haben, wenden Sie sich bitte an uns: \u00d6sterreichischen Alpenverein &#8211; Alpenverein Austria, Rotenturmstra\u00dfe 14 A-1010 Wien.<\/p>\n<p>Unseren Datenschutzkoordinator erreichen Sie unter\u00a0austria@alpenverein-austria.at.<\/p>\n<\/div>\n<\/div>\n","protected":false},"excerpt":{"rendered":"<p>Datenschutzmitteilung Diese Webseite wird vom \u00d6sterreichischen Alpenverein &#8211; Alpenverein Austria in (\u201ewir\u201c bzw. \u201euns\u201c), Rotenturmstra\u00dfe 14, A-1010 Wien, betrieben. Der Schutz Ihrer personenbezogenen Daten ist uns ein besonderes Anliegen. Wir verarbeiten Ihre Daten daher ausschlie\u00dflich auf Grundlage der gesetzlichen Bestimmungen (DSGVO, DSG, TKG 2003). In dieser Datenschutzmitteilung informieren wir Sie \u00fcber die wichtigsten Aspekte der [&hellip;]<\/p>\n","protected":false},"author":2,"featured_media":0,"parent":0,"menu_order":0,"comment_status":"closed","ping_status":"closed","template":"page-textcontent.php","meta":{"footnotes":""},"class_list":["post-184","page","type-page","status-publish","hentry"],"_links":{"self":[{"href":"https:\/\/mw.alpenverein-austria.com\/en\/wp-json\/wp\/v2\/pages\/184","targetHints":{"allow":["GET"]}}],"collection":[{"href":"https:\/\/mw.alpenverein-austria.com\/en\/wp-json\/wp\/v2\/pages"}],"about":[{"href":"https:\/\/mw.alpenverein-austria.com\/en\/wp-json\/wp\/v2\/types\/page"}],"author":[{"embeddable":true,"href":"https:\/\/mw.alpenverein-austria.com\/en\/wp-json\/wp\/v2\/users\/2"}],"replies":[{"embeddable":true,"href":"https:\/\/mw.alpenverein-austria.com\/en\/wp-json\/wp\/v2\/comments?post=184"}],"version-history":[{"count":1,"href":"https:\/\/mw.alpenverein-austria.com\/en\/wp-json\/wp\/v2\/pages\/184\/revisions"}],"predecessor-version":[{"id":198,"href":"https:\/\/mw.alpenverein-austria.com\/en\/wp-json\/wp\/v2\/pages\/184\/revisions\/198"}],"wp:attachment":[{"href":"https:\/\/mw.alpenverein-austria.com\/en\/wp-json\/wp\/v2\/media?parent=184"}],"curies":[{"name":"wp","href":"https:\/\/api.w.org\/{rel}","templated":true}]}}