{"id":186,"date":"2022-08-04T13:53:03","date_gmt":"2022-08-04T11:53:03","guid":{"rendered":"http:\/\/test.alpenverein-austria.pl\/imprint\/"},"modified":"2022-08-04T13:53:03","modified_gmt":"2022-08-04T11:53:03","slug":"imprint","status":"publish","type":"page","link":"https:\/\/mw.alpenverein-austria.com\/en\/imprint\/","title":{"rendered":"Imprint"},"content":{"rendered":"<div id=\"anchor_2c3eca14_Impressum\" class=\"elementHeadline\">\n<div id=\"anchor_91c78125_Impressum\" class=\"elementStandard elementHeadline elementHeadline_var0\">\n<h1>Impressum<\/h1>\n<\/div>\n<div id=\"anchor_26d0733b_Offenlegung\" class=\"elementStandard elementHeadline elementHeadline_var0\">\n<h2>Offenlegung<\/h2>\n<\/div>\n<div class=\"elementStandard elementText\">\n<p><strong>nach \u00a7 25 Mediengesetz<\/strong><\/p>\n<p>Medieninhaber, Herausgeber und Eigent\u00fcmer ist (zu 100%) der folgend genannte Inhaber.<\/p>\n<\/div>\n<div id=\"anchor_954f1f70_Inhaber\" class=\"elementStandard elementHeadline elementHeadline_var0\">\n<h2>Inhaber<\/h2>\n<\/div>\n<div class=\"elementStandard elementText\">\n<p>Alpenverein Austria<br \/>\nRotenturmstra\u00dfe 14<br \/>\n1010 Wien<br \/>\n\u00d6sterreich<br \/>\n<a class=\"phone\" title=\"+43 1 513 10 03\" href=\"tel:+431 513 10 03\">+43 1 513 10 03<\/a><br \/>\n<a class=\"mail\" title=\"austria@apenverein-austria.at\" href=\"https:\/\/www.alpenverein-austria.at\/austria\/impressum\/index.php#wEmpty\">austria@alpenverein-austria.at<br \/>\n<\/a><a class=\"intern\" title=\"Alpenverein Austria\" href=\"http:\/\/alpenverein-austria.at\/\">alpenverein-austria.at<\/a><br \/>\nZVR-Nr 454438765<\/p>\n<p><strong>Grundlegende Richtung<\/strong>\u00a0laut Statuten.<\/p>\n<\/div>\n<div class=\"elementClearer\"><\/div>\n<div class=\"elementClearerWithSpace spacer1\"><\/div>\n<div class=\"elementClearer\"><\/div>\n<div class=\"elementClearerWithSpace spacer1\"><\/div>\n<div id=\"anchor_b92e3a6d_Datenschutzmitteilung\" class=\"elementStandard elementHeadline elementHeadline_var0\">\n<h2>Datenschutzmitteilung<\/h2>\n<\/div>\n<div class=\"elementStandard elementText\">\n<p>Die Datenschutzmitteilung gem\u00e4\u00df DSGVO finden Sie\u00a0<a class=\"intern\" href=\"http:\/\/test.alpenverein-austria.pl\/en\/data-privacy\/\">hier<\/a>.<\/p>\n<\/div>\n<hr \/>\n<div class=\"elementClearer\"><\/div>\n<div class=\"elementClearerWithSpace spacer1\"><\/div>\n<div id=\"anchor_3ee4c103_Herunterladen-von-Daten-und-Software\" class=\"elementStandard elementHeadline elementHeadline_var0\">\n<h2>Herunterladen von Daten und Software<\/h2>\n<\/div>\n<div class=\"elementStandard elementText\">\n<p>Der Alpenverein Austria \u00fcbernimmt keine Gew\u00e4hr f\u00fcr die Fehlerfreiheit von Daten und Software, die von den Internetseiten heruntergeladen werden k\u00f6nnen. Die Software wird vom Alpenverein Austria auf Virenbefall \u00fcberpr\u00fcft. Wir empfehlen dennoch, Daten und Software nach dem Herunterladen auf Virenbefall mit jeweils neuster Virensuchsoftware zu pr\u00fcfen.<\/p>\n<\/div>\n<div class=\"elementClearer\"><\/div>\n<div class=\"elementClearerWithSpace spacer1\"><\/div>\n<div id=\"anchor_7ee70168_Urheberrechte-und-sonstige-Sonderschutzrechte\" class=\"elementStandard elementHeadline elementHeadline_var0\">\n<h2>Urheberrechte und sonstige Sonderschutzrechte<\/h2>\n<\/div>\n<div class=\"elementStandard elementText\">\n<p>Der Inhalt dieser Internetseiten ist urheberrechtlich gesch\u00fctzt. Es darf eine Kopie der Informationen der Internetseiten auf einem einzigen Computer f\u00fcr den nicht-kommerziellen und pers\u00f6nlichen internen Gebrauch gespeichert werden. Grafiken, Texte, Logos, Bilder usw. d\u00fcrfen nur nach schriftlicher Genehmigung durch den Alpenverein Austria heruntergeladen, vervielf\u00e4ltigt, kopiert, ge\u00e4ndert, ver\u00f6ffentlicht, versendet, \u00fcbertragen oder in sonstiger Form genutzt werden. Bei genannten Produkt- und Firmennamen kann es sich um eingetragene Warenzeichen oder Marken handeln. Die unberechtigte Verwendung kann zu Schadensersatzanspr\u00fcchen und Unterlassungsanspr\u00fcchen f\u00fchren.<\/p>\n<\/div>\n<div class=\"elementClearer\"><\/div>\n<div class=\"elementClearerWithSpace spacer1\"><\/div>\n<div id=\"anchor_95da8171_Schutz-persoenlicher-Daten-und-Vertraulichkeit\" class=\"elementStandard elementHeadline elementHeadline_var0\">\n<h2>Schutz pers\u00f6nlicher Daten und Vertraulichkeit<\/h2>\n<\/div>\n<div class=\"elementStandard elementText\">\n<p>Es kann nicht garantiert werden, dass Informationen oder pers\u00f6nliche Daten, die uns \u00fcbermittelt werden, bei der \u00dcbermittlung nicht von Dritten &#8220;abgeh\u00f6rt&#8221; werden.<\/p>\n<p><a class=\"pdf\" href=\"\/wp-content\/uploads\/2023\/02\/Information_zur_Verarbeitung_personenbezogener-Daten2018.pdf\" target=\"_blank\" rel=\"noopener\">Information zur Verarbeitung personenbezogener Daten (PDF)<\/a><\/p>\n<\/div>\n<div class=\"elementClearer\"><\/div>\n<div class=\"elementClearerWithSpace spacer1\"><\/div>\n<div id=\"anchor_44e5556d_Haftung\" class=\"elementStandard elementHeadline elementHeadline_var0\">\n<h2>Haftung<\/h2>\n<\/div>\n<div class=\"elementStandard elementText\">\n<p>Der Alpenverein Austria haftet nicht f\u00fcr Sch\u00e4den insbesondere nicht f\u00fcr unmittelbare oder mittelbare Folgesch\u00e4den, Datenverlust, entgangenen Gewinn, System- oder Produktionsausf\u00e4lle, die durch die Nutzung dieser Internetseiten oder das Herunterladen von Daten entstehen. Liegt bei einem entstandenen Schaden durch die Nutzung der Internetseiten oder das Herunterladen von Daten Vorsatz oder grobe Fahrl\u00e4ssigkeit vor, gilt der Haftungsausschlu\u00df nicht. Die durch die Nutzung der Internetseiten entstandene Rechtsbeziehung zwischen Ihnen und dem Alpenverein Austria unterliegt dem Recht der Republik \u00d6sterreich. Bei Rechtsstreitigkeiten mit Vollkaufleuten, die aus der Nutzung dieser Internetseiten resultieren, ist der Gerichtsstand der Sitz vom Alpenverein Austria in Wien.<\/p>\n<\/div>\n<div class=\"elementClearer\"><\/div>\n<div class=\"elementClearerWithSpace spacer1\"><\/div>\n<div id=\"anchor_750a5f77_Sicherheit\" class=\"elementStandard elementHeadline elementHeadline_var0\">\n<h2>Sicherheit<\/h2>\n<\/div>\n<div class=\"elementStandard elementText\">\n<p>Der Alpenverein Austria speichert Ihre Daten auf besonders gesch\u00fctzten Servern. Der Zugriff darauf ist nur wenigen, vom Alpenverein Austria befugten Personen m\u00f6glich, die mit der technischen, kaufm\u00e4nnischen oder redaktionellen Betreuung dieser Server befasst sind.<\/p>\n<\/div>\n<div class=\"elementClearer\"><\/div>\n<div class=\"elementClearerWithSpace spacer1\"><\/div>\n<div id=\"anchor_09483eae_Links-zu-anderen-Webseiten\" class=\"elementStandard elementHeadline elementHeadline_var0\">\n<h2>Links zu anderen Webseiten<\/h2>\n<\/div>\n<div class=\"elementStandard elementText\">\n<p>Die Webseiten vom Alpenverein Austria enthalten gegebenenfalls Links zu anderen Websites. Der Alpenverein Austria hat keinen Einfluss auf den redaktionellen Inhalt fremder Webseiten und darauf, dass deren Betreiber die Datenschutzbestimmungen einhalten.<\/p>\n<\/div>\n<div class=\"elementClearer\"><\/div>\n<div class=\"elementClearerWithSpace spacer1\"><\/div>\n<div id=\"anchor_0b61a4fa_Werbung\" class=\"elementStandard elementHeadline elementHeadline_var0\">\n<h2>Werbung<\/h2>\n<\/div>\n<div class=\"elementStandard elementText\">\n<p>Die Webseiten vom Alpenverein Austria enthalten im Regelfall keine Werbefl\u00e4chen. Im gegenteiligen Fall erfolgt die Auslieferung der Werbung \u00fcber externe AdServer. Die im Zusammenhang mit Onlinewerbung erfassten Daten (AdImpressions, AdKlicks) dienen ausschlie\u00dflich der statistischen Auswertung und zur Erstellung von Reportings an Werbekunden. Dabei werden keine personenbezogenen Daten verwendet. Bei der Auslieferung von Werbung k\u00f6nnen m\u00f6glicherweise Cookies zum Einsatz kommen, ohne dass der Alpenverein Austria hierauf Einfluss hat.<\/p>\n<\/div>\n<\/div>\n","protected":false},"excerpt":{"rendered":"<p>Impressum Offenlegung nach \u00a7 25 Mediengesetz Medieninhaber, Herausgeber und Eigent\u00fcmer ist (zu 100%) der folgend genannte Inhaber. Inhaber Alpenverein Austria Rotenturmstra\u00dfe 14 1010 Wien \u00d6sterreich +43 1 513 10 03 austria@alpenverein-austria.at alpenverein-austria.at ZVR-Nr 454438765 Grundlegende Richtung\u00a0laut Statuten. Datenschutzmitteilung Die Datenschutzmitteilung gem\u00e4\u00df DSGVO finden Sie\u00a0hier. Herunterladen von Daten und Software Der Alpenverein Austria \u00fcbernimmt keine Gew\u00e4hr [&hellip;]<\/p>\n","protected":false},"author":2,"featured_media":0,"parent":0,"menu_order":0,"comment_status":"closed","ping_status":"closed","template":"page-textcontent.php","meta":{"footnotes":""},"class_list":["post-186","page","type-page","status-publish","hentry"],"_links":{"self":[{"href":"https:\/\/mw.alpenverein-austria.com\/en\/wp-json\/wp\/v2\/pages\/186","targetHints":{"allow":["GET"]}}],"collection":[{"href":"https:\/\/mw.alpenverein-austria.com\/en\/wp-json\/wp\/v2\/pages"}],"about":[{"href":"https:\/\/mw.alpenverein-austria.com\/en\/wp-json\/wp\/v2\/types\/page"}],"author":[{"embeddable":true,"href":"https:\/\/mw.alpenverein-austria.com\/en\/wp-json\/wp\/v2\/users\/2"}],"replies":[{"embeddable":true,"href":"https:\/\/mw.alpenverein-austria.com\/en\/wp-json\/wp\/v2\/comments?post=186"}],"version-history":[{"count":0,"href":"https:\/\/mw.alpenverein-austria.com\/en\/wp-json\/wp\/v2\/pages\/186\/revisions"}],"wp:attachment":[{"href":"https:\/\/mw.alpenverein-austria.com\/en\/wp-json\/wp\/v2\/media?parent=186"}],"curies":[{"name":"wp","href":"https:\/\/api.w.org\/{rel}","templated":true}]}}