{"id":187,"date":"2022-08-04T13:53:03","date_gmt":"2022-08-04T11:53:03","guid":{"rendered":"http:\/\/test.alpenverein-austria.pl\/nadruk\/"},"modified":"2023-09-07T09:02:45","modified_gmt":"2023-09-07T07:02:45","slug":"impressum","status":"publish","type":"page","link":"https:\/\/mw.alpenverein-austria.com\/pl\/impressum\/","title":{"rendered":"Impressum"},"content":{"rendered":"<div id=\"anchor_2c3eca14_Impressum\" class=\"elementHeadline\">\n<div id=\"anchor_91c78125_Impressum\" class=\"elementStandard elementHeadline elementHeadline_var0\">\n<h1>Impressum<\/h1>\n<\/div>\n<p><strong>Administrator i dane kontaktowe<\/strong><\/p>\n<p>Pytania dotycz\u0105ce ochrony danych nale\u017cy kierowa\u0107 do:<\/p>\n<p>Alpenverein Austria<br \/>\nPrzewodnicz\u0105cy: Friedrich Macher<br \/>\nAdres: 1010 Wien, Rotenturmstra\u00dfe 14<br \/>\nE-mail: <a href=\"mailto:austria@alpenverein-austria.at\">austria@alpenverein-austria.at<\/a><br \/>\nStrona: <a href=\"https:\/\/www.alpenverein-austria.at\">www.alpenverein-austria.at<\/a><br \/>\nZVR-Zahl: 454438765<\/p>\n<p>Nasze dane kontaktowe mo\u017cna znale\u017a\u0107 r\u00f3wnie\u017c w naszej gazetce oraz na stronie internetowej.<\/p>\n<\/div>\n<div><\/div>\n<div><a href=\"https:\/\/www.alpenverein.pl\/statut_alpenverein\">Statut Stowarzyszenia Alpenverein Austria<\/a><\/div>\n<div><\/div>\n<div><a href=\"https:\/\/www.alpenverein.pl\/pliki\/information_zur_verarbeitung.pdf\">Informacja o przetwarzaniu danych osobowych<\/a><\/div>\n","protected":false},"excerpt":{"rendered":"<p>Impressum Administrator i dane kontaktowe Pytania dotycz\u0105ce ochrony danych nale\u017cy kierowa\u0107 do: Alpenverein Austria Przewodnicz\u0105cy: Friedrich Macher Adres: 1010 Wien, Rotenturmstra\u00dfe 14 E-mail: austria@alpenverein-austria.at Strona: www.alpenverein-austria.at ZVR-Zahl: 454438765 Nasze dane kontaktowe mo\u017cna znale\u017a\u0107 r\u00f3wnie\u017c w naszej gazetce oraz na stronie internetowej. Statut Stowarzyszenia Alpenverein Austria Informacja o przetwarzaniu danych osobowych<\/p>\n","protected":false},"author":2,"featured_media":0,"parent":0,"menu_order":0,"comment_status":"closed","ping_status":"closed","template":"page-textcontent.php","meta":{"footnotes":""},"class_list":["post-187","page","type-page","status-publish","hentry"],"_links":{"self":[{"href":"https:\/\/mw.alpenverein-austria.com\/pl\/wp-json\/wp\/v2\/pages\/187","targetHints":{"allow":["GET"]}}],"collection":[{"href":"https:\/\/mw.alpenverein-austria.com\/pl\/wp-json\/wp\/v2\/pages"}],"about":[{"href":"https:\/\/mw.alpenverein-austria.com\/pl\/wp-json\/wp\/v2\/types\/page"}],"author":[{"embeddable":true,"href":"https:\/\/mw.alpenverein-austria.com\/pl\/wp-json\/wp\/v2\/users\/2"}],"replies":[{"embeddable":true,"href":"https:\/\/mw.alpenverein-austria.com\/pl\/wp-json\/wp\/v2\/comments?post=187"}],"version-history":[{"count":3,"href":"https:\/\/mw.alpenverein-austria.com\/pl\/wp-json\/wp\/v2\/pages\/187\/revisions"}],"predecessor-version":[{"id":302,"href":"https:\/\/mw.alpenverein-austria.com\/pl\/wp-json\/wp\/v2\/pages\/187\/revisions\/302"}],"wp:attachment":[{"href":"https:\/\/mw.alpenverein-austria.com\/pl\/wp-json\/wp\/v2\/media?parent=187"}],"curies":[{"name":"wp","href":"https:\/\/api.w.org\/{rel}","templated":true}]}}